{"id":2,"date":"2022-02-08T13:28:37","date_gmt":"2022-02-08T13:28:37","guid":{"rendered":"http:\/\/zilina-holiday-inn.ms.decms.eu\/?page_id=2"},"modified":"2026-01-08T13:14:57","modified_gmt":"2026-01-08T13:14:57","slug":"holiday-inn-zilina","status":"publish","type":"page","link":"https:\/\/www.holidayinn-zilina.sk\/en\/","title":{"rendered":"Holiday Inn \u017dilina"},"content":{"rendered":"<p style=\"text-align: center\"><strong>A modern four-star hotel, located near the city center of \u017dilina.<\/strong><\/p>\n<p style=\"text-align: center\">The hotel is easily accessible from the main roads into, and out of \u017dilina. Try the comfort of stylishly furnished rooms and enjoy the beautiful panoramic views of the Small Fatra mountains surrounding the hotel. Our professional approach and varied selection of menu options create an ideal setting during your stay.<\/p>\n<p style=\"text-align: center\">Whether you are traveling for business or spending quality time with the family, we wish you all a very relaxing and refreshing stay with us.<\/p>\n<p style=\"text-align: center\"><strong>Everyone is welcome at Holiday Inn.<\/strong><\/p>\n<p style=\"text-align: center\"><strong>Outdoor Hotel Parking Lot<\/strong><\/p>\n<p style=\"text-align: center\"><strong>Capacity<\/strong>: 60 spaces<\/p>\n<ul style=\"text-align: center\">\n<li>1 hour FREE, each additional hour: \u20ac1.50<\/li>\n<li>1 day: \u20ac15.00<\/li>\n<\/ul>\n<p style=\"text-align: center\"><strong>Parking Garage<\/strong><\/p>\n<p style=\"text-align: center\">Currently out of service due to renovation.<\/p>\n","protected":false},"excerpt":{"rendered":"<p>A modern four-star hotel, located near the city center of \u017dilina. The hotel is easily accessible from the main roads into, and out of \u017dilina. Try the comfort of stylishly furnished rooms and enjoy the beautiful panoramic views of the Small Fatra mountains surrounding the hotel. Our professional approach and varied selection of menu options [&hellip;]<\/p>\n","protected":false},"author":7,"featured_media":0,"parent":0,"menu_order":0,"comment_status":"closed","ping_status":"closed","template":"","meta":{"footnotes":""},"class_list":["post-2","page","type-page","status-publish","hentry"],"yoast_head":"<!-- This site is optimized with the Yoast SEO plugin v26.9 - https:\/\/yoast.com\/product\/yoast-seo-wordpress\/ -->\n<title>Holiday Inn \u017dilina &#8212; Holiday Inn \u017dilina &#8212;<\/title>\n<meta name=\"description\" content=\"A modern four-star hotel, located near the city center of \u017dilina. The hotel is easily accessible from the main roads into, and out of \u017dilina. Try the comfort of stylishly furnished rooms and enjoy the beautiful panoramic views of the Small Fatra mountains surrounding the hotel\" \/>\n<meta name=\"robots\" content=\"index, follow, max-snippet:-1, max-image-preview:large, max-video-preview:-1\" \/>\n<link rel=\"canonical\" href=\"https:\/\/www.holidayinn-zilina.sk\/en\/\" \/>\n<meta property=\"og:locale\" content=\"en_US\" \/>\n<meta property=\"og:type\" content=\"article\" \/>\n<meta property=\"og:title\" content=\"Holiday Inn \u017dilina &#8212; Holiday Inn \u017dilina &#8212;\" \/>\n<meta property=\"og:description\" content=\"A modern four-star hotel, located near the city center of \u017dilina. The hotel is easily accessible from the main roads into, and out of \u017dilina. Try the comfort of stylishly furnished rooms and enjoy the beautiful panoramic views of the Small Fatra mountains surrounding the hotel\" \/>\n<meta property=\"og:url\" content=\"https:\/\/www.holidayinn-zilina.sk\/en\/\" \/>\n<meta property=\"og:site_name\" content=\"Holiday Inn \u017dilina\" \/>\n<meta property=\"article:modified_time\" content=\"2026-01-08T13:14:57+00:00\" \/>\n<meta name=\"twitter:card\" content=\"summary_large_image\" \/>\n<meta name=\"twitter:label1\" content=\"Est. reading time\" \/>\n\t<meta name=\"twitter:data1\" content=\"1 minute\" \/>\n<script type=\"application\/ld+json\" class=\"yoast-schema-graph\">{\"@context\":\"https:\/\/schema.org\",\"@graph\":[{\"@type\":\"WebPage\",\"@id\":\"https:\/\/www.holidayinn-zilina.sk\/en\/\",\"url\":\"https:\/\/www.holidayinn-zilina.sk\/en\/\",\"name\":\"Holiday Inn \u017dilina &#8212; Holiday Inn \u017dilina &#8212;\",\"isPartOf\":{\"@id\":\"https:\/\/www.holidayinn-zilina.sk\/en\/#website\"},\"datePublished\":\"2022-02-08T13:28:37+00:00\",\"dateModified\":\"2026-01-08T13:14:57+00:00\",\"description\":\"A modern four-star hotel, located near the city center of \u017dilina. The hotel is easily accessible from the main roads into, and out of \u017dilina. Try the comfort of stylishly furnished rooms and enjoy the beautiful panoramic views of the Small Fatra mountains surrounding the hotel\",\"breadcrumb\":{\"@id\":\"https:\/\/www.holidayinn-zilina.sk\/en\/#breadcrumb\"},\"inLanguage\":\"en-US\",\"potentialAction\":[{\"@type\":\"ReadAction\",\"target\":[\"https:\/\/www.holidayinn-zilina.sk\/en\/\"]}]},{\"@type\":\"BreadcrumbList\",\"@id\":\"https:\/\/www.holidayinn-zilina.sk\/en\/#breadcrumb\",\"itemListElement\":[{\"@type\":\"ListItem\",\"position\":1,\"name\":\"Home\",\"item\":\"https:\/\/www.holidayinn-zilina.sk\/en\/\"},{\"@type\":\"ListItem\",\"position\":2,\"name\":\"Holiday Inn \u017dilina\"}]},{\"@type\":\"WebSite\",\"@id\":\"https:\/\/www.holidayinn-zilina.sk\/en\/#website\",\"url\":\"https:\/\/www.holidayinn-zilina.sk\/en\/\",\"name\":\"Holiday Inn \u017dilina\",\"description\":\"Just another ms.decms.eu site\",\"potentialAction\":[{\"@type\":\"SearchAction\",\"target\":{\"@type\":\"EntryPoint\",\"urlTemplate\":\"https:\/\/www.holidayinn-zilina.sk\/en\/?s={search_term_string}\"},\"query-input\":{\"@type\":\"PropertyValueSpecification\",\"valueRequired\":true,\"valueName\":\"search_term_string\"}}],\"inLanguage\":\"en-US\"}]}<\/script>\n<!-- \/ Yoast SEO plugin. -->","yoast_head_json":{"title":"Holiday Inn \u017dilina &#8212; Holiday Inn \u017dilina &#8212;","description":"A modern four-star hotel, located near the city center of \u017dilina. The hotel is easily accessible from the main roads into, and out of \u017dilina. Try the comfort of stylishly furnished rooms and enjoy the beautiful panoramic views of the Small Fatra mountains surrounding the hotel","robots":{"index":"index","follow":"follow","max-snippet":"max-snippet:-1","max-image-preview":"max-image-preview:large","max-video-preview":"max-video-preview:-1"},"canonical":"https:\/\/www.holidayinn-zilina.sk\/en\/","og_locale":"en_US","og_type":"article","og_title":"Holiday Inn \u017dilina &#8212; Holiday Inn \u017dilina &#8212;","og_description":"A modern four-star hotel, located near the city center of \u017dilina. The hotel is easily accessible from the main roads into, and out of \u017dilina. Try the comfort of stylishly furnished rooms and enjoy the beautiful panoramic views of the Small Fatra mountains surrounding the hotel","og_url":"https:\/\/www.holidayinn-zilina.sk\/en\/","og_site_name":"Holiday Inn \u017dilina","article_modified_time":"2026-01-08T13:14:57+00:00","twitter_card":"summary_large_image","twitter_misc":{"Est. reading time":"1 minute"},"schema":{"@context":"https:\/\/schema.org","@graph":[{"@type":"WebPage","@id":"https:\/\/www.holidayinn-zilina.sk\/en\/","url":"https:\/\/www.holidayinn-zilina.sk\/en\/","name":"Holiday Inn \u017dilina &#8212; Holiday Inn \u017dilina &#8212;","isPartOf":{"@id":"https:\/\/www.holidayinn-zilina.sk\/en\/#website"},"datePublished":"2022-02-08T13:28:37+00:00","dateModified":"2026-01-08T13:14:57+00:00","description":"A modern four-star hotel, located near the city center of \u017dilina. The hotel is easily accessible from the main roads into, and out of \u017dilina. Try the comfort of stylishly furnished rooms and enjoy the beautiful panoramic views of the Small Fatra mountains surrounding the hotel","breadcrumb":{"@id":"https:\/\/www.holidayinn-zilina.sk\/en\/#breadcrumb"},"inLanguage":"en-US","potentialAction":[{"@type":"ReadAction","target":["https:\/\/www.holidayinn-zilina.sk\/en\/"]}]},{"@type":"BreadcrumbList","@id":"https:\/\/www.holidayinn-zilina.sk\/en\/#breadcrumb","itemListElement":[{"@type":"ListItem","position":1,"name":"Home","item":"https:\/\/www.holidayinn-zilina.sk\/en\/"},{"@type":"ListItem","position":2,"name":"Holiday Inn \u017dilina"}]},{"@type":"WebSite","@id":"https:\/\/www.holidayinn-zilina.sk\/en\/#website","url":"https:\/\/www.holidayinn-zilina.sk\/en\/","name":"Holiday Inn \u017dilina","description":"Just another ms.decms.eu site","potentialAction":[{"@type":"SearchAction","target":{"@type":"EntryPoint","urlTemplate":"https:\/\/www.holidayinn-zilina.sk\/en\/?s={search_term_string}"},"query-input":{"@type":"PropertyValueSpecification","valueRequired":true,"valueName":"search_term_string"}}],"inLanguage":"en-US"}]}},"acf":[],"_links":{"self":[{"href":"https:\/\/www.holidayinn-zilina.sk\/en\/wp-json\/wp\/v2\/pages\/2","targetHints":{"allow":["GET"]}}],"collection":[{"href":"https:\/\/www.holidayinn-zilina.sk\/en\/wp-json\/wp\/v2\/pages"}],"about":[{"href":"https:\/\/www.holidayinn-zilina.sk\/en\/wp-json\/wp\/v2\/types\/page"}],"author":[{"embeddable":true,"href":"https:\/\/www.holidayinn-zilina.sk\/en\/wp-json\/wp\/v2\/users\/7"}],"replies":[{"embeddable":true,"href":"https:\/\/www.holidayinn-zilina.sk\/en\/wp-json\/wp\/v2\/comments?post=2"}],"version-history":[{"count":0,"href":"https:\/\/www.holidayinn-zilina.sk\/en\/wp-json\/wp\/v2\/pages\/2\/revisions"}],"wp:attachment":[{"href":"https:\/\/www.holidayinn-zilina.sk\/en\/wp-json\/wp\/v2\/media?parent=2"}],"curies":[{"name":"wp","href":"https:\/\/api.w.org\/{rel}","templated":true}]}}