{"id":241,"date":"2022-03-02T10:55:44","date_gmt":"2022-03-02T10:55:44","guid":{"rendered":"https:\/\/zilina-holiday-inn.ms.decms.eu\/?page_id=241"},"modified":"2022-03-02T10:55:44","modified_gmt":"2022-03-02T10:55:44","slug":"travelling-towards-povazska-bystrica","status":"publish","type":"page","link":"https:\/\/www.holidayinn-zilina.sk\/en\/surroundings\/travelling-towards-povazska-bystrica\/","title":{"rendered":"Travelling Towards Povazska Bystrica"},"content":{"rendered":"<p>If you wish to travel from \u017dilina to Pova\u017esk\u00e1 Bystrica, we recommend that you visit castle Byt\u010diansky z\u00e1mok, in which the state archives are located. Lovers of natural beauty should not overlook the interesting rock formations of S\u00fa\u013eovsk\u00e9 Skaly. Old history can also be seen in the ruins of the castle Hri\u010dov.<\/p>\n","protected":false},"excerpt":{"rendered":"<p>If you wish to travel from \u017dilina to Pova\u017esk\u00e1 Bystrica, we recommend that you visit castle Byt\u010diansky z\u00e1mok, in which the state archives are located. Lovers of natural beauty should not overlook the interesting rock formations of S\u00fa\u013eovsk\u00e9 Skaly. Old history can also be seen in the ruins of the castle Hri\u010dov.<\/p>\n","protected":false},"author":7,"featured_media":0,"parent":240,"menu_order":0,"comment_status":"closed","ping_status":"closed","template":"","meta":{"footnotes":""},"class_list":["post-241","page","type-page","status-publish","hentry"],"yoast_head":"<!-- This site is optimized with the Yoast SEO plugin v26.9 - https:\/\/yoast.com\/product\/yoast-seo-wordpress\/ -->\n<title>Travelling Towards Povazska Bystrica &#8212; Holiday Inn \u017dilina &#8212;<\/title>\n<meta name=\"description\" content=\"If you wish to travel from \u017dilina to Pova\u017esk\u00e1 Bystrica, we recommend that you visit castle Byt\u010diansky z\u00e1mok, in which the state archives are located. Lovers of natural beauty should not overlook the interesting rock formations of S\u00fa\u013eovsk\u00e9 Skaly\" \/>\n<meta name=\"robots\" content=\"index, follow, max-snippet:-1, max-image-preview:large, max-video-preview:-1\" \/>\n<link rel=\"canonical\" href=\"https:\/\/www.holidayinn-zilina.sk\/en\/surroundings\/travelling-towards-povazska-bystrica\/\" \/>\n<meta property=\"og:locale\" content=\"en_US\" \/>\n<meta property=\"og:type\" content=\"article\" \/>\n<meta property=\"og:title\" content=\"Travelling Towards Povazska Bystrica &#8212; Holiday Inn \u017dilina &#8212;\" \/>\n<meta property=\"og:description\" content=\"If you wish to travel from \u017dilina to Pova\u017esk\u00e1 Bystrica, we recommend that you visit castle Byt\u010diansky z\u00e1mok, in which the state archives are located. Lovers of natural beauty should not overlook the interesting rock formations of S\u00fa\u013eovsk\u00e9 Skaly\" \/>\n<meta property=\"og:url\" content=\"https:\/\/www.holidayinn-zilina.sk\/en\/surroundings\/travelling-towards-povazska-bystrica\/\" \/>\n<meta property=\"og:site_name\" content=\"Holiday Inn \u017dilina\" \/>\n<meta name=\"twitter:card\" content=\"summary_large_image\" \/>\n<script type=\"application\/ld+json\" class=\"yoast-schema-graph\">{\"@context\":\"https:\/\/schema.org\",\"@graph\":[{\"@type\":\"WebPage\",\"@id\":\"https:\/\/www.holidayinn-zilina.sk\/en\/surroundings\/travelling-towards-povazska-bystrica\/\",\"url\":\"https:\/\/www.holidayinn-zilina.sk\/en\/surroundings\/travelling-towards-povazska-bystrica\/\",\"name\":\"Travelling Towards Povazska Bystrica &#8212; Holiday Inn \u017dilina &#8212;\",\"isPartOf\":{\"@id\":\"https:\/\/www.holidayinn-zilina.sk\/en\/#website\"},\"datePublished\":\"2022-03-02T10:55:44+00:00\",\"description\":\"If you wish to travel from \u017dilina to Pova\u017esk\u00e1 Bystrica, we recommend that you visit castle Byt\u010diansky z\u00e1mok, in which the state archives are located. Lovers of natural beauty should not overlook the interesting rock formations of S\u00fa\u013eovsk\u00e9 Skaly\",\"breadcrumb\":{\"@id\":\"https:\/\/www.holidayinn-zilina.sk\/en\/surroundings\/travelling-towards-povazska-bystrica\/#breadcrumb\"},\"inLanguage\":\"en-US\",\"potentialAction\":[{\"@type\":\"ReadAction\",\"target\":[\"https:\/\/www.holidayinn-zilina.sk\/en\/surroundings\/travelling-towards-povazska-bystrica\/\"]}]},{\"@type\":\"BreadcrumbList\",\"@id\":\"https:\/\/www.holidayinn-zilina.sk\/en\/surroundings\/travelling-towards-povazska-bystrica\/#breadcrumb\",\"itemListElement\":[{\"@type\":\"ListItem\",\"position\":1,\"name\":\"Home\",\"item\":\"https:\/\/www.holidayinn-zilina.sk\/en\/\"},{\"@type\":\"ListItem\",\"position\":2,\"name\":\"Surroundings\",\"item\":\"https:\/\/www.holidayinn-zilina.sk\/en\/surroundings\/\"},{\"@type\":\"ListItem\",\"position\":3,\"name\":\"Travelling Towards Povazska Bystrica\"}]},{\"@type\":\"WebSite\",\"@id\":\"https:\/\/www.holidayinn-zilina.sk\/en\/#website\",\"url\":\"https:\/\/www.holidayinn-zilina.sk\/en\/\",\"name\":\"Holiday Inn \u017dilina\",\"description\":\"Just another ms.decms.eu site\",\"potentialAction\":[{\"@type\":\"SearchAction\",\"target\":{\"@type\":\"EntryPoint\",\"urlTemplate\":\"https:\/\/www.holidayinn-zilina.sk\/en\/?s={search_term_string}\"},\"query-input\":{\"@type\":\"PropertyValueSpecification\",\"valueRequired\":true,\"valueName\":\"search_term_string\"}}],\"inLanguage\":\"en-US\"}]}<\/script>\n<!-- \/ Yoast SEO plugin. -->","yoast_head_json":{"title":"Travelling Towards Povazska Bystrica &#8212; Holiday Inn \u017dilina &#8212;","description":"If you wish to travel from \u017dilina to Pova\u017esk\u00e1 Bystrica, we recommend that you visit castle Byt\u010diansky z\u00e1mok, in which the state archives are located. Lovers of natural beauty should not overlook the interesting rock formations of S\u00fa\u013eovsk\u00e9 Skaly","robots":{"index":"index","follow":"follow","max-snippet":"max-snippet:-1","max-image-preview":"max-image-preview:large","max-video-preview":"max-video-preview:-1"},"canonical":"https:\/\/www.holidayinn-zilina.sk\/en\/surroundings\/travelling-towards-povazska-bystrica\/","og_locale":"en_US","og_type":"article","og_title":"Travelling Towards Povazska Bystrica &#8212; Holiday Inn \u017dilina &#8212;","og_description":"If you wish to travel from \u017dilina to Pova\u017esk\u00e1 Bystrica, we recommend that you visit castle Byt\u010diansky z\u00e1mok, in which the state archives are located. Lovers of natural beauty should not overlook the interesting rock formations of S\u00fa\u013eovsk\u00e9 Skaly","og_url":"https:\/\/www.holidayinn-zilina.sk\/en\/surroundings\/travelling-towards-povazska-bystrica\/","og_site_name":"Holiday Inn \u017dilina","twitter_card":"summary_large_image","schema":{"@context":"https:\/\/schema.org","@graph":[{"@type":"WebPage","@id":"https:\/\/www.holidayinn-zilina.sk\/en\/surroundings\/travelling-towards-povazska-bystrica\/","url":"https:\/\/www.holidayinn-zilina.sk\/en\/surroundings\/travelling-towards-povazska-bystrica\/","name":"Travelling Towards Povazska Bystrica &#8212; Holiday Inn \u017dilina &#8212;","isPartOf":{"@id":"https:\/\/www.holidayinn-zilina.sk\/en\/#website"},"datePublished":"2022-03-02T10:55:44+00:00","description":"If you wish to travel from \u017dilina to Pova\u017esk\u00e1 Bystrica, we recommend that you visit castle Byt\u010diansky z\u00e1mok, in which the state archives are located. Lovers of natural beauty should not overlook the interesting rock formations of S\u00fa\u013eovsk\u00e9 Skaly","breadcrumb":{"@id":"https:\/\/www.holidayinn-zilina.sk\/en\/surroundings\/travelling-towards-povazska-bystrica\/#breadcrumb"},"inLanguage":"en-US","potentialAction":[{"@type":"ReadAction","target":["https:\/\/www.holidayinn-zilina.sk\/en\/surroundings\/travelling-towards-povazska-bystrica\/"]}]},{"@type":"BreadcrumbList","@id":"https:\/\/www.holidayinn-zilina.sk\/en\/surroundings\/travelling-towards-povazska-bystrica\/#breadcrumb","itemListElement":[{"@type":"ListItem","position":1,"name":"Home","item":"https:\/\/www.holidayinn-zilina.sk\/en\/"},{"@type":"ListItem","position":2,"name":"Surroundings","item":"https:\/\/www.holidayinn-zilina.sk\/en\/surroundings\/"},{"@type":"ListItem","position":3,"name":"Travelling Towards Povazska Bystrica"}]},{"@type":"WebSite","@id":"https:\/\/www.holidayinn-zilina.sk\/en\/#website","url":"https:\/\/www.holidayinn-zilina.sk\/en\/","name":"Holiday Inn \u017dilina","description":"Just another ms.decms.eu site","potentialAction":[{"@type":"SearchAction","target":{"@type":"EntryPoint","urlTemplate":"https:\/\/www.holidayinn-zilina.sk\/en\/?s={search_term_string}"},"query-input":{"@type":"PropertyValueSpecification","valueRequired":true,"valueName":"search_term_string"}}],"inLanguage":"en-US"}]}},"acf":[],"_links":{"self":[{"href":"https:\/\/www.holidayinn-zilina.sk\/en\/wp-json\/wp\/v2\/pages\/241","targetHints":{"allow":["GET"]}}],"collection":[{"href":"https:\/\/www.holidayinn-zilina.sk\/en\/wp-json\/wp\/v2\/pages"}],"about":[{"href":"https:\/\/www.holidayinn-zilina.sk\/en\/wp-json\/wp\/v2\/types\/page"}],"author":[{"embeddable":true,"href":"https:\/\/www.holidayinn-zilina.sk\/en\/wp-json\/wp\/v2\/users\/7"}],"replies":[{"embeddable":true,"href":"https:\/\/www.holidayinn-zilina.sk\/en\/wp-json\/wp\/v2\/comments?post=241"}],"version-history":[{"count":0,"href":"https:\/\/www.holidayinn-zilina.sk\/en\/wp-json\/wp\/v2\/pages\/241\/revisions"}],"up":[{"embeddable":true,"href":"https:\/\/www.holidayinn-zilina.sk\/en\/wp-json\/wp\/v2\/pages\/240"}],"wp:attachment":[{"href":"https:\/\/www.holidayinn-zilina.sk\/en\/wp-json\/wp\/v2\/media?parent=241"}],"curies":[{"name":"wp","href":"https:\/\/api.w.org\/{rel}","templated":true}]}}