{"id":242,"date":"2022-03-02T10:57:31","date_gmt":"2022-03-02T10:57:31","guid":{"rendered":"https:\/\/zilina-holiday-inn.ms.decms.eu\/?page_id=242"},"modified":"2022-03-02T10:58:16","modified_gmt":"2022-03-02T10:58:16","slug":"budatin-castle","status":"publish","type":"page","link":"https:\/\/www.holidayinn-zilina.sk\/en\/surroundings\/travelling-towards-povazska-bystrica\/budatin-castle\/","title":{"rendered":"Budat\u00edn Castle"},"content":{"rendered":"<p>The oldest medieval castle in Slovakia, which is built at the confluence of the rivers V\u00e1h and Kysuca, in the 2nd half of the 13th century. This castle showcases the history of \u017dilina and also provides an example of the interior design of that time. It also showcases a unique Slovak phenomenon called drot\u00e1rstvo metalwork.<\/p>\n","protected":false},"excerpt":{"rendered":"<p>The oldest medieval castle in Slovakia, which is built at the confluence of the rivers V\u00e1h and Kysuca, in the 2nd half of the 13th century. This castle showcases the history of \u017dilina and also provides an example of the interior design of that time. It also showcases a unique Slovak phenomenon called drot\u00e1rstvo metalwork.<\/p>\n","protected":false},"author":7,"featured_media":0,"parent":241,"menu_order":0,"comment_status":"closed","ping_status":"closed","template":"","meta":{"footnotes":""},"class_list":["post-242","page","type-page","status-publish","hentry"],"yoast_head":"<!-- This site is optimized with the Yoast SEO plugin v26.9 - https:\/\/yoast.com\/product\/yoast-seo-wordpress\/ -->\n<title>Budat\u00edn Castle &#8212; Holiday Inn \u017dilina &#8212;<\/title>\n<meta name=\"description\" content=\"The oldest medieval castle in Slovakia, which is built at the confluence of the rivers V\u00e1h and Kysuca, in the 2nd half of the 13th century. This castle showcases the history of \u017dilina and also provides an example of the interior design of that time\" \/>\n<meta name=\"robots\" content=\"index, follow, max-snippet:-1, max-image-preview:large, max-video-preview:-1\" \/>\n<link rel=\"canonical\" href=\"https:\/\/www.holidayinn-zilina.sk\/en\/surroundings\/travelling-towards-povazska-bystrica\/budatin-castle\/\" \/>\n<meta property=\"og:locale\" content=\"en_US\" \/>\n<meta property=\"og:type\" content=\"article\" \/>\n<meta property=\"og:title\" content=\"Budat\u00edn Castle &#8212; Holiday Inn \u017dilina &#8212;\" \/>\n<meta property=\"og:description\" content=\"The oldest medieval castle in Slovakia, which is built at the confluence of the rivers V\u00e1h and Kysuca, in the 2nd half of the 13th century. This castle showcases the history of \u017dilina and also provides an example of the interior design of that time\" \/>\n<meta property=\"og:url\" content=\"https:\/\/www.holidayinn-zilina.sk\/en\/surroundings\/travelling-towards-povazska-bystrica\/budatin-castle\/\" \/>\n<meta property=\"og:site_name\" content=\"Holiday Inn \u017dilina\" \/>\n<meta property=\"article:modified_time\" content=\"2022-03-02T10:58:16+00:00\" \/>\n<meta name=\"twitter:card\" content=\"summary_large_image\" \/>\n<script type=\"application\/ld+json\" class=\"yoast-schema-graph\">{\"@context\":\"https:\/\/schema.org\",\"@graph\":[{\"@type\":\"WebPage\",\"@id\":\"https:\/\/www.holidayinn-zilina.sk\/en\/surroundings\/travelling-towards-povazska-bystrica\/budatin-castle\/\",\"url\":\"https:\/\/www.holidayinn-zilina.sk\/en\/surroundings\/travelling-towards-povazska-bystrica\/budatin-castle\/\",\"name\":\"Budat\u00edn Castle &#8212; Holiday Inn \u017dilina &#8212;\",\"isPartOf\":{\"@id\":\"https:\/\/www.holidayinn-zilina.sk\/en\/#website\"},\"datePublished\":\"2022-03-02T10:57:31+00:00\",\"dateModified\":\"2022-03-02T10:58:16+00:00\",\"description\":\"The oldest medieval castle in Slovakia, which is built at the confluence of the rivers V\u00e1h and Kysuca, in the 2nd half of the 13th century. This castle showcases the history of \u017dilina and also provides an example of the interior design of that time\",\"breadcrumb\":{\"@id\":\"https:\/\/www.holidayinn-zilina.sk\/en\/surroundings\/travelling-towards-povazska-bystrica\/budatin-castle\/#breadcrumb\"},\"inLanguage\":\"en-US\",\"potentialAction\":[{\"@type\":\"ReadAction\",\"target\":[\"https:\/\/www.holidayinn-zilina.sk\/en\/surroundings\/travelling-towards-povazska-bystrica\/budatin-castle\/\"]}]},{\"@type\":\"BreadcrumbList\",\"@id\":\"https:\/\/www.holidayinn-zilina.sk\/en\/surroundings\/travelling-towards-povazska-bystrica\/budatin-castle\/#breadcrumb\",\"itemListElement\":[{\"@type\":\"ListItem\",\"position\":1,\"name\":\"Home\",\"item\":\"https:\/\/www.holidayinn-zilina.sk\/en\/\"},{\"@type\":\"ListItem\",\"position\":2,\"name\":\"Surroundings\",\"item\":\"https:\/\/www.holidayinn-zilina.sk\/en\/surroundings\/\"},{\"@type\":\"ListItem\",\"position\":3,\"name\":\"Travelling Towards Povazska Bystrica\",\"item\":\"https:\/\/www.holidayinn-zilina.sk\/en\/surroundings\/travelling-towards-povazska-bystrica\/\"},{\"@type\":\"ListItem\",\"position\":4,\"name\":\"Budat\u00edn Castle\"}]},{\"@type\":\"WebSite\",\"@id\":\"https:\/\/www.holidayinn-zilina.sk\/en\/#website\",\"url\":\"https:\/\/www.holidayinn-zilina.sk\/en\/\",\"name\":\"Holiday Inn \u017dilina\",\"description\":\"Just another ms.decms.eu site\",\"potentialAction\":[{\"@type\":\"SearchAction\",\"target\":{\"@type\":\"EntryPoint\",\"urlTemplate\":\"https:\/\/www.holidayinn-zilina.sk\/en\/?s={search_term_string}\"},\"query-input\":{\"@type\":\"PropertyValueSpecification\",\"valueRequired\":true,\"valueName\":\"search_term_string\"}}],\"inLanguage\":\"en-US\"}]}<\/script>\n<!-- \/ Yoast SEO plugin. -->","yoast_head_json":{"title":"Budat\u00edn Castle &#8212; Holiday Inn \u017dilina &#8212;","description":"The oldest medieval castle in Slovakia, which is built at the confluence of the rivers V\u00e1h and Kysuca, in the 2nd half of the 13th century. This castle showcases the history of \u017dilina and also provides an example of the interior design of that time","robots":{"index":"index","follow":"follow","max-snippet":"max-snippet:-1","max-image-preview":"max-image-preview:large","max-video-preview":"max-video-preview:-1"},"canonical":"https:\/\/www.holidayinn-zilina.sk\/en\/surroundings\/travelling-towards-povazska-bystrica\/budatin-castle\/","og_locale":"en_US","og_type":"article","og_title":"Budat\u00edn Castle &#8212; Holiday Inn \u017dilina &#8212;","og_description":"The oldest medieval castle in Slovakia, which is built at the confluence of the rivers V\u00e1h and Kysuca, in the 2nd half of the 13th century. This castle showcases the history of \u017dilina and also provides an example of the interior design of that time","og_url":"https:\/\/www.holidayinn-zilina.sk\/en\/surroundings\/travelling-towards-povazska-bystrica\/budatin-castle\/","og_site_name":"Holiday Inn \u017dilina","article_modified_time":"2022-03-02T10:58:16+00:00","twitter_card":"summary_large_image","schema":{"@context":"https:\/\/schema.org","@graph":[{"@type":"WebPage","@id":"https:\/\/www.holidayinn-zilina.sk\/en\/surroundings\/travelling-towards-povazska-bystrica\/budatin-castle\/","url":"https:\/\/www.holidayinn-zilina.sk\/en\/surroundings\/travelling-towards-povazska-bystrica\/budatin-castle\/","name":"Budat\u00edn Castle &#8212; Holiday Inn \u017dilina &#8212;","isPartOf":{"@id":"https:\/\/www.holidayinn-zilina.sk\/en\/#website"},"datePublished":"2022-03-02T10:57:31+00:00","dateModified":"2022-03-02T10:58:16+00:00","description":"The oldest medieval castle in Slovakia, which is built at the confluence of the rivers V\u00e1h and Kysuca, in the 2nd half of the 13th century. This castle showcases the history of \u017dilina and also provides an example of the interior design of that time","breadcrumb":{"@id":"https:\/\/www.holidayinn-zilina.sk\/en\/surroundings\/travelling-towards-povazska-bystrica\/budatin-castle\/#breadcrumb"},"inLanguage":"en-US","potentialAction":[{"@type":"ReadAction","target":["https:\/\/www.holidayinn-zilina.sk\/en\/surroundings\/travelling-towards-povazska-bystrica\/budatin-castle\/"]}]},{"@type":"BreadcrumbList","@id":"https:\/\/www.holidayinn-zilina.sk\/en\/surroundings\/travelling-towards-povazska-bystrica\/budatin-castle\/#breadcrumb","itemListElement":[{"@type":"ListItem","position":1,"name":"Home","item":"https:\/\/www.holidayinn-zilina.sk\/en\/"},{"@type":"ListItem","position":2,"name":"Surroundings","item":"https:\/\/www.holidayinn-zilina.sk\/en\/surroundings\/"},{"@type":"ListItem","position":3,"name":"Travelling Towards Povazska Bystrica","item":"https:\/\/www.holidayinn-zilina.sk\/en\/surroundings\/travelling-towards-povazska-bystrica\/"},{"@type":"ListItem","position":4,"name":"Budat\u00edn Castle"}]},{"@type":"WebSite","@id":"https:\/\/www.holidayinn-zilina.sk\/en\/#website","url":"https:\/\/www.holidayinn-zilina.sk\/en\/","name":"Holiday Inn \u017dilina","description":"Just another ms.decms.eu site","potentialAction":[{"@type":"SearchAction","target":{"@type":"EntryPoint","urlTemplate":"https:\/\/www.holidayinn-zilina.sk\/en\/?s={search_term_string}"},"query-input":{"@type":"PropertyValueSpecification","valueRequired":true,"valueName":"search_term_string"}}],"inLanguage":"en-US"}]}},"acf":[],"_links":{"self":[{"href":"https:\/\/www.holidayinn-zilina.sk\/en\/wp-json\/wp\/v2\/pages\/242","targetHints":{"allow":["GET"]}}],"collection":[{"href":"https:\/\/www.holidayinn-zilina.sk\/en\/wp-json\/wp\/v2\/pages"}],"about":[{"href":"https:\/\/www.holidayinn-zilina.sk\/en\/wp-json\/wp\/v2\/types\/page"}],"author":[{"embeddable":true,"href":"https:\/\/www.holidayinn-zilina.sk\/en\/wp-json\/wp\/v2\/users\/7"}],"replies":[{"embeddable":true,"href":"https:\/\/www.holidayinn-zilina.sk\/en\/wp-json\/wp\/v2\/comments?post=242"}],"version-history":[{"count":0,"href":"https:\/\/www.holidayinn-zilina.sk\/en\/wp-json\/wp\/v2\/pages\/242\/revisions"}],"up":[{"embeddable":true,"href":"https:\/\/www.holidayinn-zilina.sk\/en\/wp-json\/wp\/v2\/pages\/241"}],"wp:attachment":[{"href":"https:\/\/www.holidayinn-zilina.sk\/en\/wp-json\/wp\/v2\/media?parent=242"}],"curies":[{"name":"wp","href":"https:\/\/api.w.org\/{rel}","templated":true}]}}