{"id":244,"date":"2022-03-02T11:10:15","date_gmt":"2022-03-02T11:10:15","guid":{"rendered":"https:\/\/zilina-holiday-inn.ms.decms.eu\/?page_id=244"},"modified":"2022-03-02T11:10:15","modified_gmt":"2022-03-02T11:10:15","slug":"wedding-palace-in-bytca","status":"publish","type":"page","link":"https:\/\/www.holidayinn-zilina.sk\/en\/surroundings\/travelling-towards-povazska-bystrica\/wedding-palace-in-bytca\/","title":{"rendered":"Wedding Palace In Byt\u010da"},"content":{"rendered":"<p>The Wedding palace in Byt\u010da is part of a famous castle complex and is one of the most important Renaissance monuments in Central Europe. Its facades are richly decorated with painted murals and ornaments with figural and plant motifs around the stone windows and the entrance portals.<\/p>\n","protected":false},"excerpt":{"rendered":"<p>The Wedding palace in Byt\u010da is part of a famous castle complex and is one of the most important Renaissance monuments in Central Europe. Its facades are richly decorated with painted murals and ornaments with figural and plant motifs around the stone windows and the entrance portals.<\/p>\n","protected":false},"author":7,"featured_media":0,"parent":241,"menu_order":2,"comment_status":"closed","ping_status":"closed","template":"","meta":{"footnotes":""},"class_list":["post-244","page","type-page","status-publish","hentry"],"yoast_head":"<!-- This site is optimized with the Yoast SEO plugin v26.9 - https:\/\/yoast.com\/product\/yoast-seo-wordpress\/ -->\n<title>Wedding Palace In Byt\u010da &#8212; Holiday Inn \u017dilina &#8212;<\/title>\n<meta name=\"description\" content=\"The Wedding palace in Byt\u010da is part of a famous castle complex and is one of the most important Renaissance monuments in Central Europe. Its facades are richly decorated with painted murals and ornaments with figural and plant motifs around the stone windows and the entrance portals.\" \/>\n<meta name=\"robots\" content=\"index, follow, max-snippet:-1, max-image-preview:large, max-video-preview:-1\" \/>\n<link rel=\"canonical\" href=\"https:\/\/www.holidayinn-zilina.sk\/en\/surroundings\/travelling-towards-povazska-bystrica\/wedding-palace-in-bytca\/\" \/>\n<meta property=\"og:locale\" content=\"en_US\" \/>\n<meta property=\"og:type\" content=\"article\" \/>\n<meta property=\"og:title\" content=\"Wedding Palace In Byt\u010da &#8212; Holiday Inn \u017dilina &#8212;\" \/>\n<meta property=\"og:description\" content=\"The Wedding palace in Byt\u010da is part of a famous castle complex and is one of the most important Renaissance monuments in Central Europe. Its facades are richly decorated with painted murals and ornaments with figural and plant motifs around the stone windows and the entrance portals.\" \/>\n<meta property=\"og:url\" content=\"https:\/\/www.holidayinn-zilina.sk\/en\/surroundings\/travelling-towards-povazska-bystrica\/wedding-palace-in-bytca\/\" \/>\n<meta property=\"og:site_name\" content=\"Holiday Inn \u017dilina\" \/>\n<meta name=\"twitter:card\" content=\"summary_large_image\" \/>\n<script type=\"application\/ld+json\" class=\"yoast-schema-graph\">{\"@context\":\"https:\/\/schema.org\",\"@graph\":[{\"@type\":\"WebPage\",\"@id\":\"https:\/\/www.holidayinn-zilina.sk\/en\/surroundings\/travelling-towards-povazska-bystrica\/wedding-palace-in-bytca\/\",\"url\":\"https:\/\/www.holidayinn-zilina.sk\/en\/surroundings\/travelling-towards-povazska-bystrica\/wedding-palace-in-bytca\/\",\"name\":\"Wedding Palace In Byt\u010da &#8212; Holiday Inn \u017dilina &#8212;\",\"isPartOf\":{\"@id\":\"https:\/\/www.holidayinn-zilina.sk\/en\/#website\"},\"datePublished\":\"2022-03-02T11:10:15+00:00\",\"description\":\"The Wedding palace in Byt\u010da is part of a famous castle complex and is one of the most important Renaissance monuments in Central Europe. Its facades are richly decorated with painted murals and ornaments with figural and plant motifs around the stone windows and the entrance portals.\",\"breadcrumb\":{\"@id\":\"https:\/\/www.holidayinn-zilina.sk\/en\/surroundings\/travelling-towards-povazska-bystrica\/wedding-palace-in-bytca\/#breadcrumb\"},\"inLanguage\":\"en-US\",\"potentialAction\":[{\"@type\":\"ReadAction\",\"target\":[\"https:\/\/www.holidayinn-zilina.sk\/en\/surroundings\/travelling-towards-povazska-bystrica\/wedding-palace-in-bytca\/\"]}]},{\"@type\":\"BreadcrumbList\",\"@id\":\"https:\/\/www.holidayinn-zilina.sk\/en\/surroundings\/travelling-towards-povazska-bystrica\/wedding-palace-in-bytca\/#breadcrumb\",\"itemListElement\":[{\"@type\":\"ListItem\",\"position\":1,\"name\":\"Home\",\"item\":\"https:\/\/www.holidayinn-zilina.sk\/en\/\"},{\"@type\":\"ListItem\",\"position\":2,\"name\":\"Surroundings\",\"item\":\"https:\/\/www.holidayinn-zilina.sk\/en\/surroundings\/\"},{\"@type\":\"ListItem\",\"position\":3,\"name\":\"Travelling Towards Povazska Bystrica\",\"item\":\"https:\/\/www.holidayinn-zilina.sk\/en\/surroundings\/travelling-towards-povazska-bystrica\/\"},{\"@type\":\"ListItem\",\"position\":4,\"name\":\"Wedding Palace In Byt\u010da\"}]},{\"@type\":\"WebSite\",\"@id\":\"https:\/\/www.holidayinn-zilina.sk\/en\/#website\",\"url\":\"https:\/\/www.holidayinn-zilina.sk\/en\/\",\"name\":\"Holiday Inn \u017dilina\",\"description\":\"Just another ms.decms.eu site\",\"potentialAction\":[{\"@type\":\"SearchAction\",\"target\":{\"@type\":\"EntryPoint\",\"urlTemplate\":\"https:\/\/www.holidayinn-zilina.sk\/en\/?s={search_term_string}\"},\"query-input\":{\"@type\":\"PropertyValueSpecification\",\"valueRequired\":true,\"valueName\":\"search_term_string\"}}],\"inLanguage\":\"en-US\"}]}<\/script>\n<!-- \/ Yoast SEO plugin. -->","yoast_head_json":{"title":"Wedding Palace In Byt\u010da &#8212; Holiday Inn \u017dilina &#8212;","description":"The Wedding palace in Byt\u010da is part of a famous castle complex and is one of the most important Renaissance monuments in Central Europe. Its facades are richly decorated with painted murals and ornaments with figural and plant motifs around the stone windows and the entrance portals.","robots":{"index":"index","follow":"follow","max-snippet":"max-snippet:-1","max-image-preview":"max-image-preview:large","max-video-preview":"max-video-preview:-1"},"canonical":"https:\/\/www.holidayinn-zilina.sk\/en\/surroundings\/travelling-towards-povazska-bystrica\/wedding-palace-in-bytca\/","og_locale":"en_US","og_type":"article","og_title":"Wedding Palace In Byt\u010da &#8212; Holiday Inn \u017dilina &#8212;","og_description":"The Wedding palace in Byt\u010da is part of a famous castle complex and is one of the most important Renaissance monuments in Central Europe. Its facades are richly decorated with painted murals and ornaments with figural and plant motifs around the stone windows and the entrance portals.","og_url":"https:\/\/www.holidayinn-zilina.sk\/en\/surroundings\/travelling-towards-povazska-bystrica\/wedding-palace-in-bytca\/","og_site_name":"Holiday Inn \u017dilina","twitter_card":"summary_large_image","schema":{"@context":"https:\/\/schema.org","@graph":[{"@type":"WebPage","@id":"https:\/\/www.holidayinn-zilina.sk\/en\/surroundings\/travelling-towards-povazska-bystrica\/wedding-palace-in-bytca\/","url":"https:\/\/www.holidayinn-zilina.sk\/en\/surroundings\/travelling-towards-povazska-bystrica\/wedding-palace-in-bytca\/","name":"Wedding Palace In Byt\u010da &#8212; Holiday Inn \u017dilina &#8212;","isPartOf":{"@id":"https:\/\/www.holidayinn-zilina.sk\/en\/#website"},"datePublished":"2022-03-02T11:10:15+00:00","description":"The Wedding palace in Byt\u010da is part of a famous castle complex and is one of the most important Renaissance monuments in Central Europe. Its facades are richly decorated with painted murals and ornaments with figural and plant motifs around the stone windows and the entrance portals.","breadcrumb":{"@id":"https:\/\/www.holidayinn-zilina.sk\/en\/surroundings\/travelling-towards-povazska-bystrica\/wedding-palace-in-bytca\/#breadcrumb"},"inLanguage":"en-US","potentialAction":[{"@type":"ReadAction","target":["https:\/\/www.holidayinn-zilina.sk\/en\/surroundings\/travelling-towards-povazska-bystrica\/wedding-palace-in-bytca\/"]}]},{"@type":"BreadcrumbList","@id":"https:\/\/www.holidayinn-zilina.sk\/en\/surroundings\/travelling-towards-povazska-bystrica\/wedding-palace-in-bytca\/#breadcrumb","itemListElement":[{"@type":"ListItem","position":1,"name":"Home","item":"https:\/\/www.holidayinn-zilina.sk\/en\/"},{"@type":"ListItem","position":2,"name":"Surroundings","item":"https:\/\/www.holidayinn-zilina.sk\/en\/surroundings\/"},{"@type":"ListItem","position":3,"name":"Travelling Towards Povazska Bystrica","item":"https:\/\/www.holidayinn-zilina.sk\/en\/surroundings\/travelling-towards-povazska-bystrica\/"},{"@type":"ListItem","position":4,"name":"Wedding Palace In Byt\u010da"}]},{"@type":"WebSite","@id":"https:\/\/www.holidayinn-zilina.sk\/en\/#website","url":"https:\/\/www.holidayinn-zilina.sk\/en\/","name":"Holiday Inn \u017dilina","description":"Just another ms.decms.eu site","potentialAction":[{"@type":"SearchAction","target":{"@type":"EntryPoint","urlTemplate":"https:\/\/www.holidayinn-zilina.sk\/en\/?s={search_term_string}"},"query-input":{"@type":"PropertyValueSpecification","valueRequired":true,"valueName":"search_term_string"}}],"inLanguage":"en-US"}]}},"acf":[],"_links":{"self":[{"href":"https:\/\/www.holidayinn-zilina.sk\/en\/wp-json\/wp\/v2\/pages\/244","targetHints":{"allow":["GET"]}}],"collection":[{"href":"https:\/\/www.holidayinn-zilina.sk\/en\/wp-json\/wp\/v2\/pages"}],"about":[{"href":"https:\/\/www.holidayinn-zilina.sk\/en\/wp-json\/wp\/v2\/types\/page"}],"author":[{"embeddable":true,"href":"https:\/\/www.holidayinn-zilina.sk\/en\/wp-json\/wp\/v2\/users\/7"}],"replies":[{"embeddable":true,"href":"https:\/\/www.holidayinn-zilina.sk\/en\/wp-json\/wp\/v2\/comments?post=244"}],"version-history":[{"count":0,"href":"https:\/\/www.holidayinn-zilina.sk\/en\/wp-json\/wp\/v2\/pages\/244\/revisions"}],"up":[{"embeddable":true,"href":"https:\/\/www.holidayinn-zilina.sk\/en\/wp-json\/wp\/v2\/pages\/241"}],"wp:attachment":[{"href":"https:\/\/www.holidayinn-zilina.sk\/en\/wp-json\/wp\/v2\/media?parent=244"}],"curies":[{"name":"wp","href":"https:\/\/api.w.org\/{rel}","templated":true}]}}