{"id":245,"date":"2022-03-02T11:11:41","date_gmt":"2022-03-02T11:11:41","guid":{"rendered":"https:\/\/zilina-holiday-inn.ms.decms.eu\/?page_id=245"},"modified":"2022-03-02T11:11:41","modified_gmt":"2022-03-02T11:11:41","slug":"travelling-towards-prievidza","status":"publish","type":"page","link":"https:\/\/www.holidayinn-zilina.sk\/en\/surroundings\/travelling-towards-prievidza\/","title":{"rendered":"Travelling Towards Prievidza"},"content":{"rendered":"<p>If you choose to go from \u017dilina towards Prievidza, you can visit Lietavsk\u00fd castle, the spa town of Rajeck\u00e9 Teplice, the oldest town in Pova\u017eie &#8211; Rajec, a moving wooden picture of Nativity in the pilgrimage village of Rajeck\u00e1 Lesn\u00e1 or admire the interesting architecture of the highest village &#8211; \u010ci\u010dmany.<\/p>\n","protected":false},"excerpt":{"rendered":"<p>If you choose to go from \u017dilina towards Prievidza, you can visit Lietavsk\u00fd castle, the spa town of Rajeck\u00e9 Teplice, the oldest town in Pova\u017eie &#8211; Rajec, a moving wooden picture of Nativity in the pilgrimage village of Rajeck\u00e1 Lesn\u00e1 or admire the interesting architecture of the highest village &#8211; \u010ci\u010dmany.<\/p>\n","protected":false},"author":7,"featured_media":0,"parent":240,"menu_order":1,"comment_status":"closed","ping_status":"closed","template":"","meta":{"footnotes":""},"class_list":["post-245","page","type-page","status-publish","hentry"],"yoast_head":"<!-- This site is optimized with the Yoast SEO plugin v26.9 - https:\/\/yoast.com\/product\/yoast-seo-wordpress\/ -->\n<title>Travelling Towards Prievidza &#8212; Holiday Inn \u017dilina &#8212;<\/title>\n<meta name=\"description\" content=\"If you choose to go from \u017dilina towards Prievidza, you can visit Lietavsk\u00fd castle, the spa town of Rajeck\u00e9 Teplice, the oldest town in Pova\u017eie - Rajec, a moving wooden picture of Nativity in the pilgrimage village of Rajeck\u00e1 Lesn\u00e1 or admire the interesting architecture of the highest village - \u010ci\u010dmany..\" \/>\n<meta name=\"robots\" content=\"index, follow, max-snippet:-1, max-image-preview:large, max-video-preview:-1\" \/>\n<link rel=\"canonical\" href=\"https:\/\/www.holidayinn-zilina.sk\/en\/surroundings\/travelling-towards-prievidza\/\" \/>\n<meta property=\"og:locale\" content=\"en_US\" \/>\n<meta property=\"og:type\" content=\"article\" \/>\n<meta property=\"og:title\" content=\"Travelling Towards Prievidza &#8212; Holiday Inn \u017dilina &#8212;\" \/>\n<meta property=\"og:description\" content=\"If you choose to go from \u017dilina towards Prievidza, you can visit Lietavsk\u00fd castle, the spa town of Rajeck\u00e9 Teplice, the oldest town in Pova\u017eie - Rajec, a moving wooden picture of Nativity in the pilgrimage village of Rajeck\u00e1 Lesn\u00e1 or admire the interesting architecture of the highest village - \u010ci\u010dmany..\" \/>\n<meta property=\"og:url\" content=\"https:\/\/www.holidayinn-zilina.sk\/en\/surroundings\/travelling-towards-prievidza\/\" \/>\n<meta property=\"og:site_name\" content=\"Holiday Inn \u017dilina\" \/>\n<meta name=\"twitter:card\" content=\"summary_large_image\" \/>\n<script type=\"application\/ld+json\" class=\"yoast-schema-graph\">{\"@context\":\"https:\/\/schema.org\",\"@graph\":[{\"@type\":\"WebPage\",\"@id\":\"https:\/\/www.holidayinn-zilina.sk\/en\/surroundings\/travelling-towards-prievidza\/\",\"url\":\"https:\/\/www.holidayinn-zilina.sk\/en\/surroundings\/travelling-towards-prievidza\/\",\"name\":\"Travelling Towards Prievidza &#8212; Holiday Inn \u017dilina &#8212;\",\"isPartOf\":{\"@id\":\"https:\/\/www.holidayinn-zilina.sk\/en\/#website\"},\"datePublished\":\"2022-03-02T11:11:41+00:00\",\"description\":\"If you choose to go from \u017dilina towards Prievidza, you can visit Lietavsk\u00fd castle, the spa town of Rajeck\u00e9 Teplice, the oldest town in Pova\u017eie - Rajec, a moving wooden picture of Nativity in the pilgrimage village of Rajeck\u00e1 Lesn\u00e1 or admire the interesting architecture of the highest village - \u010ci\u010dmany..\",\"breadcrumb\":{\"@id\":\"https:\/\/www.holidayinn-zilina.sk\/en\/surroundings\/travelling-towards-prievidza\/#breadcrumb\"},\"inLanguage\":\"en-US\",\"potentialAction\":[{\"@type\":\"ReadAction\",\"target\":[\"https:\/\/www.holidayinn-zilina.sk\/en\/surroundings\/travelling-towards-prievidza\/\"]}]},{\"@type\":\"BreadcrumbList\",\"@id\":\"https:\/\/www.holidayinn-zilina.sk\/en\/surroundings\/travelling-towards-prievidza\/#breadcrumb\",\"itemListElement\":[{\"@type\":\"ListItem\",\"position\":1,\"name\":\"Home\",\"item\":\"https:\/\/www.holidayinn-zilina.sk\/en\/\"},{\"@type\":\"ListItem\",\"position\":2,\"name\":\"Surroundings\",\"item\":\"https:\/\/www.holidayinn-zilina.sk\/en\/surroundings\/\"},{\"@type\":\"ListItem\",\"position\":3,\"name\":\"Travelling Towards Prievidza\"}]},{\"@type\":\"WebSite\",\"@id\":\"https:\/\/www.holidayinn-zilina.sk\/en\/#website\",\"url\":\"https:\/\/www.holidayinn-zilina.sk\/en\/\",\"name\":\"Holiday Inn \u017dilina\",\"description\":\"Just another ms.decms.eu site\",\"potentialAction\":[{\"@type\":\"SearchAction\",\"target\":{\"@type\":\"EntryPoint\",\"urlTemplate\":\"https:\/\/www.holidayinn-zilina.sk\/en\/?s={search_term_string}\"},\"query-input\":{\"@type\":\"PropertyValueSpecification\",\"valueRequired\":true,\"valueName\":\"search_term_string\"}}],\"inLanguage\":\"en-US\"}]}<\/script>\n<!-- \/ Yoast SEO plugin. -->","yoast_head_json":{"title":"Travelling Towards Prievidza &#8212; Holiday Inn \u017dilina &#8212;","description":"If you choose to go from \u017dilina towards Prievidza, you can visit Lietavsk\u00fd castle, the spa town of Rajeck\u00e9 Teplice, the oldest town in Pova\u017eie - Rajec, a moving wooden picture of Nativity in the pilgrimage village of Rajeck\u00e1 Lesn\u00e1 or admire the interesting architecture of the highest village - \u010ci\u010dmany..","robots":{"index":"index","follow":"follow","max-snippet":"max-snippet:-1","max-image-preview":"max-image-preview:large","max-video-preview":"max-video-preview:-1"},"canonical":"https:\/\/www.holidayinn-zilina.sk\/en\/surroundings\/travelling-towards-prievidza\/","og_locale":"en_US","og_type":"article","og_title":"Travelling Towards Prievidza &#8212; Holiday Inn \u017dilina &#8212;","og_description":"If you choose to go from \u017dilina towards Prievidza, you can visit Lietavsk\u00fd castle, the spa town of Rajeck\u00e9 Teplice, the oldest town in Pova\u017eie - Rajec, a moving wooden picture of Nativity in the pilgrimage village of Rajeck\u00e1 Lesn\u00e1 or admire the interesting architecture of the highest village - \u010ci\u010dmany..","og_url":"https:\/\/www.holidayinn-zilina.sk\/en\/surroundings\/travelling-towards-prievidza\/","og_site_name":"Holiday Inn \u017dilina","twitter_card":"summary_large_image","schema":{"@context":"https:\/\/schema.org","@graph":[{"@type":"WebPage","@id":"https:\/\/www.holidayinn-zilina.sk\/en\/surroundings\/travelling-towards-prievidza\/","url":"https:\/\/www.holidayinn-zilina.sk\/en\/surroundings\/travelling-towards-prievidza\/","name":"Travelling Towards Prievidza &#8212; Holiday Inn \u017dilina &#8212;","isPartOf":{"@id":"https:\/\/www.holidayinn-zilina.sk\/en\/#website"},"datePublished":"2022-03-02T11:11:41+00:00","description":"If you choose to go from \u017dilina towards Prievidza, you can visit Lietavsk\u00fd castle, the spa town of Rajeck\u00e9 Teplice, the oldest town in Pova\u017eie - Rajec, a moving wooden picture of Nativity in the pilgrimage village of Rajeck\u00e1 Lesn\u00e1 or admire the interesting architecture of the highest village - \u010ci\u010dmany..","breadcrumb":{"@id":"https:\/\/www.holidayinn-zilina.sk\/en\/surroundings\/travelling-towards-prievidza\/#breadcrumb"},"inLanguage":"en-US","potentialAction":[{"@type":"ReadAction","target":["https:\/\/www.holidayinn-zilina.sk\/en\/surroundings\/travelling-towards-prievidza\/"]}]},{"@type":"BreadcrumbList","@id":"https:\/\/www.holidayinn-zilina.sk\/en\/surroundings\/travelling-towards-prievidza\/#breadcrumb","itemListElement":[{"@type":"ListItem","position":1,"name":"Home","item":"https:\/\/www.holidayinn-zilina.sk\/en\/"},{"@type":"ListItem","position":2,"name":"Surroundings","item":"https:\/\/www.holidayinn-zilina.sk\/en\/surroundings\/"},{"@type":"ListItem","position":3,"name":"Travelling Towards Prievidza"}]},{"@type":"WebSite","@id":"https:\/\/www.holidayinn-zilina.sk\/en\/#website","url":"https:\/\/www.holidayinn-zilina.sk\/en\/","name":"Holiday Inn \u017dilina","description":"Just another ms.decms.eu site","potentialAction":[{"@type":"SearchAction","target":{"@type":"EntryPoint","urlTemplate":"https:\/\/www.holidayinn-zilina.sk\/en\/?s={search_term_string}"},"query-input":{"@type":"PropertyValueSpecification","valueRequired":true,"valueName":"search_term_string"}}],"inLanguage":"en-US"}]}},"acf":[],"_links":{"self":[{"href":"https:\/\/www.holidayinn-zilina.sk\/en\/wp-json\/wp\/v2\/pages\/245","targetHints":{"allow":["GET"]}}],"collection":[{"href":"https:\/\/www.holidayinn-zilina.sk\/en\/wp-json\/wp\/v2\/pages"}],"about":[{"href":"https:\/\/www.holidayinn-zilina.sk\/en\/wp-json\/wp\/v2\/types\/page"}],"author":[{"embeddable":true,"href":"https:\/\/www.holidayinn-zilina.sk\/en\/wp-json\/wp\/v2\/users\/7"}],"replies":[{"embeddable":true,"href":"https:\/\/www.holidayinn-zilina.sk\/en\/wp-json\/wp\/v2\/comments?post=245"}],"version-history":[{"count":0,"href":"https:\/\/www.holidayinn-zilina.sk\/en\/wp-json\/wp\/v2\/pages\/245\/revisions"}],"up":[{"embeddable":true,"href":"https:\/\/www.holidayinn-zilina.sk\/en\/wp-json\/wp\/v2\/pages\/240"}],"wp:attachment":[{"href":"https:\/\/www.holidayinn-zilina.sk\/en\/wp-json\/wp\/v2\/media?parent=245"}],"curies":[{"name":"wp","href":"https:\/\/api.w.org\/{rel}","templated":true}]}}