{"id":248,"date":"2022-03-02T11:33:25","date_gmt":"2022-03-02T11:33:25","guid":{"rendered":"https:\/\/zilina-holiday-inn.ms.decms.eu\/?page_id=248"},"modified":"2022-03-02T11:33:25","modified_gmt":"2022-03-02T11:33:25","slug":"architectural-museum-in-cicmany","status":"publish","type":"page","link":"https:\/\/www.holidayinn-zilina.sk\/en\/surroundings\/travelling-towards-prievidza\/architectural-museum-in-cicmany\/","title":{"rendered":"Architectural museum in \u010di\u010dmany"},"content":{"rendered":"<p>In the museum, you can find the one-story building, Raden\u2019s House. It represents the occupations, folk clothing, and folk art of the inhabitants of \u010ci\u010dmany village. In House no. 42 showcases typical housing from the 1920s.<\/p>\n","protected":false},"excerpt":{"rendered":"<p>In the museum, you can find the one-story building, Raden\u2019s House. It represents the occupations, folk clothing, and folk art of the inhabitants of \u010ci\u010dmany village. In House no. 42 showcases typical housing from the 1920s.<\/p>\n","protected":false},"author":7,"featured_media":0,"parent":245,"menu_order":2,"comment_status":"closed","ping_status":"closed","template":"","meta":{"footnotes":""},"class_list":["post-248","page","type-page","status-publish","hentry"],"yoast_head":"<!-- This site is optimized with the Yoast SEO plugin v26.9 - https:\/\/yoast.com\/product\/yoast-seo-wordpress\/ -->\n<title>Architectural museum in \u010di\u010dmany &#8212; Holiday Inn \u017dilina &#8212;<\/title>\n<meta name=\"description\" content=\"In the museum, you can find the one-story building, Raden\u2019s House. It represents the occupations, folk clothing, and folk art of the inhabitants of \u010ci\u010dmany village\" \/>\n<meta name=\"robots\" content=\"index, follow, max-snippet:-1, max-image-preview:large, max-video-preview:-1\" \/>\n<link rel=\"canonical\" href=\"https:\/\/www.holidayinn-zilina.sk\/en\/surroundings\/travelling-towards-prievidza\/architectural-museum-in-cicmany\/\" \/>\n<meta property=\"og:locale\" content=\"en_US\" \/>\n<meta property=\"og:type\" content=\"article\" \/>\n<meta property=\"og:title\" content=\"Architectural museum in \u010di\u010dmany &#8212; Holiday Inn \u017dilina &#8212;\" \/>\n<meta property=\"og:description\" content=\"In the museum, you can find the one-story building, Raden\u2019s House. It represents the occupations, folk clothing, and folk art of the inhabitants of \u010ci\u010dmany village\" \/>\n<meta property=\"og:url\" content=\"https:\/\/www.holidayinn-zilina.sk\/en\/surroundings\/travelling-towards-prievidza\/architectural-museum-in-cicmany\/\" \/>\n<meta property=\"og:site_name\" content=\"Holiday Inn \u017dilina\" \/>\n<meta name=\"twitter:card\" content=\"summary_large_image\" \/>\n<script type=\"application\/ld+json\" class=\"yoast-schema-graph\">{\"@context\":\"https:\/\/schema.org\",\"@graph\":[{\"@type\":\"WebPage\",\"@id\":\"https:\/\/www.holidayinn-zilina.sk\/en\/surroundings\/travelling-towards-prievidza\/architectural-museum-in-cicmany\/\",\"url\":\"https:\/\/www.holidayinn-zilina.sk\/en\/surroundings\/travelling-towards-prievidza\/architectural-museum-in-cicmany\/\",\"name\":\"Architectural museum in \u010di\u010dmany &#8212; Holiday Inn \u017dilina &#8212;\",\"isPartOf\":{\"@id\":\"https:\/\/www.holidayinn-zilina.sk\/en\/#website\"},\"datePublished\":\"2022-03-02T11:33:25+00:00\",\"description\":\"In the museum, you can find the one-story building, Raden\u2019s House. It represents the occupations, folk clothing, and folk art of the inhabitants of \u010ci\u010dmany village\",\"breadcrumb\":{\"@id\":\"https:\/\/www.holidayinn-zilina.sk\/en\/surroundings\/travelling-towards-prievidza\/architectural-museum-in-cicmany\/#breadcrumb\"},\"inLanguage\":\"en-US\",\"potentialAction\":[{\"@type\":\"ReadAction\",\"target\":[\"https:\/\/www.holidayinn-zilina.sk\/en\/surroundings\/travelling-towards-prievidza\/architectural-museum-in-cicmany\/\"]}]},{\"@type\":\"BreadcrumbList\",\"@id\":\"https:\/\/www.holidayinn-zilina.sk\/en\/surroundings\/travelling-towards-prievidza\/architectural-museum-in-cicmany\/#breadcrumb\",\"itemListElement\":[{\"@type\":\"ListItem\",\"position\":1,\"name\":\"Home\",\"item\":\"https:\/\/www.holidayinn-zilina.sk\/en\/\"},{\"@type\":\"ListItem\",\"position\":2,\"name\":\"Surroundings\",\"item\":\"https:\/\/www.holidayinn-zilina.sk\/en\/surroundings\/\"},{\"@type\":\"ListItem\",\"position\":3,\"name\":\"Travelling Towards Prievidza\",\"item\":\"https:\/\/www.holidayinn-zilina.sk\/en\/surroundings\/travelling-towards-prievidza\/\"},{\"@type\":\"ListItem\",\"position\":4,\"name\":\"Architectural museum in \u010di\u010dmany\"}]},{\"@type\":\"WebSite\",\"@id\":\"https:\/\/www.holidayinn-zilina.sk\/en\/#website\",\"url\":\"https:\/\/www.holidayinn-zilina.sk\/en\/\",\"name\":\"Holiday Inn \u017dilina\",\"description\":\"Just another ms.decms.eu site\",\"potentialAction\":[{\"@type\":\"SearchAction\",\"target\":{\"@type\":\"EntryPoint\",\"urlTemplate\":\"https:\/\/www.holidayinn-zilina.sk\/en\/?s={search_term_string}\"},\"query-input\":{\"@type\":\"PropertyValueSpecification\",\"valueRequired\":true,\"valueName\":\"search_term_string\"}}],\"inLanguage\":\"en-US\"}]}<\/script>\n<!-- \/ Yoast SEO plugin. -->","yoast_head_json":{"title":"Architectural museum in \u010di\u010dmany &#8212; Holiday Inn \u017dilina &#8212;","description":"In the museum, you can find the one-story building, Raden\u2019s House. It represents the occupations, folk clothing, and folk art of the inhabitants of \u010ci\u010dmany village","robots":{"index":"index","follow":"follow","max-snippet":"max-snippet:-1","max-image-preview":"max-image-preview:large","max-video-preview":"max-video-preview:-1"},"canonical":"https:\/\/www.holidayinn-zilina.sk\/en\/surroundings\/travelling-towards-prievidza\/architectural-museum-in-cicmany\/","og_locale":"en_US","og_type":"article","og_title":"Architectural museum in \u010di\u010dmany &#8212; Holiday Inn \u017dilina &#8212;","og_description":"In the museum, you can find the one-story building, Raden\u2019s House. It represents the occupations, folk clothing, and folk art of the inhabitants of \u010ci\u010dmany village","og_url":"https:\/\/www.holidayinn-zilina.sk\/en\/surroundings\/travelling-towards-prievidza\/architectural-museum-in-cicmany\/","og_site_name":"Holiday Inn \u017dilina","twitter_card":"summary_large_image","schema":{"@context":"https:\/\/schema.org","@graph":[{"@type":"WebPage","@id":"https:\/\/www.holidayinn-zilina.sk\/en\/surroundings\/travelling-towards-prievidza\/architectural-museum-in-cicmany\/","url":"https:\/\/www.holidayinn-zilina.sk\/en\/surroundings\/travelling-towards-prievidza\/architectural-museum-in-cicmany\/","name":"Architectural museum in \u010di\u010dmany &#8212; Holiday Inn \u017dilina &#8212;","isPartOf":{"@id":"https:\/\/www.holidayinn-zilina.sk\/en\/#website"},"datePublished":"2022-03-02T11:33:25+00:00","description":"In the museum, you can find the one-story building, Raden\u2019s House. It represents the occupations, folk clothing, and folk art of the inhabitants of \u010ci\u010dmany village","breadcrumb":{"@id":"https:\/\/www.holidayinn-zilina.sk\/en\/surroundings\/travelling-towards-prievidza\/architectural-museum-in-cicmany\/#breadcrumb"},"inLanguage":"en-US","potentialAction":[{"@type":"ReadAction","target":["https:\/\/www.holidayinn-zilina.sk\/en\/surroundings\/travelling-towards-prievidza\/architectural-museum-in-cicmany\/"]}]},{"@type":"BreadcrumbList","@id":"https:\/\/www.holidayinn-zilina.sk\/en\/surroundings\/travelling-towards-prievidza\/architectural-museum-in-cicmany\/#breadcrumb","itemListElement":[{"@type":"ListItem","position":1,"name":"Home","item":"https:\/\/www.holidayinn-zilina.sk\/en\/"},{"@type":"ListItem","position":2,"name":"Surroundings","item":"https:\/\/www.holidayinn-zilina.sk\/en\/surroundings\/"},{"@type":"ListItem","position":3,"name":"Travelling Towards Prievidza","item":"https:\/\/www.holidayinn-zilina.sk\/en\/surroundings\/travelling-towards-prievidza\/"},{"@type":"ListItem","position":4,"name":"Architectural museum in \u010di\u010dmany"}]},{"@type":"WebSite","@id":"https:\/\/www.holidayinn-zilina.sk\/en\/#website","url":"https:\/\/www.holidayinn-zilina.sk\/en\/","name":"Holiday Inn \u017dilina","description":"Just another ms.decms.eu site","potentialAction":[{"@type":"SearchAction","target":{"@type":"EntryPoint","urlTemplate":"https:\/\/www.holidayinn-zilina.sk\/en\/?s={search_term_string}"},"query-input":{"@type":"PropertyValueSpecification","valueRequired":true,"valueName":"search_term_string"}}],"inLanguage":"en-US"}]}},"acf":[],"_links":{"self":[{"href":"https:\/\/www.holidayinn-zilina.sk\/en\/wp-json\/wp\/v2\/pages\/248","targetHints":{"allow":["GET"]}}],"collection":[{"href":"https:\/\/www.holidayinn-zilina.sk\/en\/wp-json\/wp\/v2\/pages"}],"about":[{"href":"https:\/\/www.holidayinn-zilina.sk\/en\/wp-json\/wp\/v2\/types\/page"}],"author":[{"embeddable":true,"href":"https:\/\/www.holidayinn-zilina.sk\/en\/wp-json\/wp\/v2\/users\/7"}],"replies":[{"embeddable":true,"href":"https:\/\/www.holidayinn-zilina.sk\/en\/wp-json\/wp\/v2\/comments?post=248"}],"version-history":[{"count":0,"href":"https:\/\/www.holidayinn-zilina.sk\/en\/wp-json\/wp\/v2\/pages\/248\/revisions"}],"up":[{"embeddable":true,"href":"https:\/\/www.holidayinn-zilina.sk\/en\/wp-json\/wp\/v2\/pages\/245"}],"wp:attachment":[{"href":"https:\/\/www.holidayinn-zilina.sk\/en\/wp-json\/wp\/v2\/media?parent=248"}],"curies":[{"name":"wp","href":"https:\/\/api.w.org\/{rel}","templated":true}]}}