{"id":318,"date":"2022-03-02T13:05:07","date_gmt":"2022-03-02T13:05:07","guid":{"rendered":"https:\/\/zilina-holiday-inn.ms.decms.eu\/umiestnenie\/"},"modified":"2026-03-03T09:48:56","modified_gmt":"2026-03-03T09:48:56","slug":"location-and-contacts","status":"publish","type":"page","link":"https:\/\/www.holidayinn-zilina.sk\/en\/location-and-contacts\/","title":{"rendered":"Location and Contacts"},"content":{"rendered":"<p style=\"text-align: center\">Holiday Inn \u017dilina<br \/>\n\u0160portov\u00e1 2<br \/>\n010 01 \u017dilina<br \/>\nSlovakia<\/p>\n<p>&nbsp;<\/p>\n<p style=\"text-align: center\"><strong>RECEPTION<\/strong><br \/>\n<a href=\"tel:+421415050100\">+421 (0)41 5050 100<\/a><br data-start=\"253\" data-end=\"256\" \/><a href=\"tel:+421415050101\">+421 (0)41 5050 101<\/a><br \/>\n<a href=\"mailto:info@holidayinn-zilina.sk\">info@holidayinn-zilina.sk<\/a><\/p>\n<p style=\"text-align: center\"><strong>RESERVATIONS<\/strong><br \/>\n<a href=\"tel:+421415050120\">+421(0)41 5050 120<\/a><br \/>\n<a href=\"mailto:reservations@holidayinn-zilina.sk\">reservations@holidayinn-zilina.sk<\/a><\/p>\n<p style=\"text-align: center\"><strong>CONGRESS SERVICES<\/strong><br \/>\n<a href=\"tel:+421415050255\">+421(0)41 5050 255<\/a><br \/>\n<a href=\"mailto:conference@holidayinn-zilina.sk\">conference@holidayinn-zilina.sk<\/a><\/p>\n<p style=\"text-align: center\"><strong>WELLNESS<\/strong><br \/>\n<a href=\"tel:+421415050950\">+421(0)41 5050 950<\/a><\/p>\n<p style=\"text-align: center\"><a href=\"mailto:spanorama@holidayinn-zilina.sk\">spanorama@holidayinn-zilina.sk<\/a><\/p>\n<p style=\"text-align: center\"><strong>MARKETING<\/strong><\/p>\n<p style=\"text-align: center\"><a href=\"tel:+421415050251\">+421(0)41 5050 251<\/a><br \/>\n<a href=\"mailto:marketing@holidayinn-zilina.sk\">marketing@holidayinn-zilina.sk<\/a><\/p>\n","protected":false},"excerpt":{"rendered":"<p>Holiday Inn \u017dilina \u0160portov\u00e1 2 010 01 \u017dilina Slovakia &nbsp; RECEPTION +421 (0)41 5050 100+421 (0)41 5050 101 info@holidayinn-zilina.sk RESERVATIONS +421(0)41 5050 120 reservations@holidayinn-zilina.sk CONGRESS SERVICES +421(0)41 5050 255 conference@holidayinn-zilina.sk WELLNESS +421(0)41 5050 950 spanorama@holidayinn-zilina.sk MARKETING +421(0)41 5050 251 marketing@holidayinn-zilina.sk<\/p>\n","protected":false},"author":7,"featured_media":0,"parent":0,"menu_order":40,"comment_status":"closed","ping_status":"closed","template":"template-location.php","meta":{"footnotes":""},"class_list":["post-318","page","type-page","status-publish","hentry"],"yoast_head":"<!-- This site is optimized with the Yoast SEO plugin v26.9 - https:\/\/yoast.com\/product\/yoast-seo-wordpress\/ -->\n<title>Location and Contacts &#8212; Holiday Inn \u017dilina &#8212;<\/title>\n<meta name=\"description\" content=\"Holiday Inn \u017dilina \u0160portov\u00e1 2 010 01 \u017dilina Slovakia &nbsp; RECEPTION +421 (0)41 5050 100+421 (0)41 5050 101 info@holidayinn-zilina.sk RESERVATIONS +421(0)41 5050 120 reservations@holidayinn-zilina.sk CONGRESS SERVICES +421(0)41 5050 255 conference@holidayinn-zilina.sk WELLNESS +421(0)41 5050 950 spanorama@holidayinn-zilina.sk MARKETING +421(0)41 5050 251 marketing@holidayinn-zilina.sk.\" \/>\n<meta name=\"robots\" content=\"index, follow, max-snippet:-1, max-image-preview:large, max-video-preview:-1\" \/>\n<link rel=\"canonical\" href=\"https:\/\/www.holidayinn-zilina.sk\/en\/location-and-contacts\/\" \/>\n<meta property=\"og:locale\" content=\"en_US\" \/>\n<meta property=\"og:type\" content=\"article\" \/>\n<meta property=\"og:title\" content=\"Location and Contacts &#8212; Holiday Inn \u017dilina &#8212;\" \/>\n<meta property=\"og:description\" content=\"Holiday Inn \u017dilina \u0160portov\u00e1 2 010 01 \u017dilina Slovakia &nbsp; RECEPTION +421 (0)41 5050 100+421 (0)41 5050 101 info@holidayinn-zilina.sk RESERVATIONS +421(0)41 5050 120 reservations@holidayinn-zilina.sk CONGRESS SERVICES +421(0)41 5050 255 conference@holidayinn-zilina.sk WELLNESS +421(0)41 5050 950 spanorama@holidayinn-zilina.sk MARKETING +421(0)41 5050 251 marketing@holidayinn-zilina.sk.\" \/>\n<meta property=\"og:url\" content=\"https:\/\/www.holidayinn-zilina.sk\/en\/location-and-contacts\/\" \/>\n<meta property=\"og:site_name\" content=\"Holiday Inn \u017dilina\" \/>\n<meta property=\"article:modified_time\" content=\"2026-03-03T09:48:56+00:00\" \/>\n<meta name=\"twitter:card\" content=\"summary_large_image\" \/>\n<meta name=\"twitter:label1\" content=\"Est. reading time\" \/>\n\t<meta name=\"twitter:data1\" content=\"1 minute\" \/>\n<script type=\"application\/ld+json\" class=\"yoast-schema-graph\">{\"@context\":\"https:\/\/schema.org\",\"@graph\":[{\"@type\":\"WebPage\",\"@id\":\"https:\/\/www.holidayinn-zilina.sk\/en\/location-and-contacts\/\",\"url\":\"https:\/\/www.holidayinn-zilina.sk\/en\/location-and-contacts\/\",\"name\":\"Location and Contacts &#8212; Holiday Inn \u017dilina &#8212;\",\"isPartOf\":{\"@id\":\"https:\/\/www.holidayinn-zilina.sk\/en\/#website\"},\"datePublished\":\"2022-03-02T13:05:07+00:00\",\"dateModified\":\"2026-03-03T09:48:56+00:00\",\"description\":\"Holiday Inn \u017dilina \u0160portov\u00e1 2 010 01 \u017dilina Slovakia &nbsp; RECEPTION +421 (0)41 5050 100+421 (0)41 5050 101 info@holidayinn-zilina.sk RESERVATIONS +421(0)41 5050 120 reservations@holidayinn-zilina.sk CONGRESS SERVICES +421(0)41 5050 255 conference@holidayinn-zilina.sk WELLNESS +421(0)41 5050 950 spanorama@holidayinn-zilina.sk MARKETING +421(0)41 5050 251 marketing@holidayinn-zilina.sk .\",\"breadcrumb\":{\"@id\":\"https:\/\/www.holidayinn-zilina.sk\/en\/location-and-contacts\/#breadcrumb\"},\"inLanguage\":\"en-US\",\"potentialAction\":[{\"@type\":\"ReadAction\",\"target\":[\"https:\/\/www.holidayinn-zilina.sk\/en\/location-and-contacts\/\"]}]},{\"@type\":\"BreadcrumbList\",\"@id\":\"https:\/\/www.holidayinn-zilina.sk\/en\/location-and-contacts\/#breadcrumb\",\"itemListElement\":[{\"@type\":\"ListItem\",\"position\":1,\"name\":\"Home\",\"item\":\"https:\/\/www.holidayinn-zilina.sk\/en\/\"},{\"@type\":\"ListItem\",\"position\":2,\"name\":\"Location and Contacts\"}]},{\"@type\":\"WebSite\",\"@id\":\"https:\/\/www.holidayinn-zilina.sk\/en\/#website\",\"url\":\"https:\/\/www.holidayinn-zilina.sk\/en\/\",\"name\":\"Holiday Inn \u017dilina\",\"description\":\"Just another ms.decms.eu site\",\"potentialAction\":[{\"@type\":\"SearchAction\",\"target\":{\"@type\":\"EntryPoint\",\"urlTemplate\":\"https:\/\/www.holidayinn-zilina.sk\/en\/?s={search_term_string}\"},\"query-input\":{\"@type\":\"PropertyValueSpecification\",\"valueRequired\":true,\"valueName\":\"search_term_string\"}}],\"inLanguage\":\"en-US\"}]}<\/script>\n<!-- \/ Yoast SEO plugin. -->","yoast_head_json":{"title":"Location and Contacts &#8212; Holiday Inn \u017dilina &#8212;","description":"Holiday Inn \u017dilina \u0160portov\u00e1 2 010 01 \u017dilina Slovakia &nbsp; RECEPTION +421 (0)41 5050 100+421 (0)41 5050 101 info@holidayinn-zilina.sk RESERVATIONS +421(0)41 5050 120 reservations@holidayinn-zilina.sk CONGRESS SERVICES +421(0)41 5050 255 conference@holidayinn-zilina.sk WELLNESS +421(0)41 5050 950 spanorama@holidayinn-zilina.sk MARKETING +421(0)41 5050 251 marketing@holidayinn-zilina.sk.","robots":{"index":"index","follow":"follow","max-snippet":"max-snippet:-1","max-image-preview":"max-image-preview:large","max-video-preview":"max-video-preview:-1"},"canonical":"https:\/\/www.holidayinn-zilina.sk\/en\/location-and-contacts\/","og_locale":"en_US","og_type":"article","og_title":"Location and Contacts &#8212; Holiday Inn \u017dilina &#8212;","og_description":"Holiday Inn \u017dilina \u0160portov\u00e1 2 010 01 \u017dilina Slovakia &nbsp; RECEPTION +421 (0)41 5050 100+421 (0)41 5050 101 info@holidayinn-zilina.sk RESERVATIONS +421(0)41 5050 120 reservations@holidayinn-zilina.sk CONGRESS SERVICES +421(0)41 5050 255 conference@holidayinn-zilina.sk WELLNESS +421(0)41 5050 950 spanorama@holidayinn-zilina.sk MARKETING +421(0)41 5050 251 marketing@holidayinn-zilina.sk.","og_url":"https:\/\/www.holidayinn-zilina.sk\/en\/location-and-contacts\/","og_site_name":"Holiday Inn \u017dilina","article_modified_time":"2026-03-03T09:48:56+00:00","twitter_card":"summary_large_image","twitter_misc":{"Est. reading time":"1 minute"},"schema":{"@context":"https:\/\/schema.org","@graph":[{"@type":"WebPage","@id":"https:\/\/www.holidayinn-zilina.sk\/en\/location-and-contacts\/","url":"https:\/\/www.holidayinn-zilina.sk\/en\/location-and-contacts\/","name":"Location and Contacts &#8212; Holiday Inn \u017dilina &#8212;","isPartOf":{"@id":"https:\/\/www.holidayinn-zilina.sk\/en\/#website"},"datePublished":"2022-03-02T13:05:07+00:00","dateModified":"2026-03-03T09:48:56+00:00","description":"Holiday Inn \u017dilina \u0160portov\u00e1 2 010 01 \u017dilina Slovakia &nbsp; RECEPTION +421 (0)41 5050 100+421 (0)41 5050 101 info@holidayinn-zilina.sk RESERVATIONS +421(0)41 5050 120 reservations@holidayinn-zilina.sk CONGRESS SERVICES +421(0)41 5050 255 conference@holidayinn-zilina.sk WELLNESS +421(0)41 5050 950 spanorama@holidayinn-zilina.sk MARKETING +421(0)41 5050 251 marketing@holidayinn-zilina.sk .","breadcrumb":{"@id":"https:\/\/www.holidayinn-zilina.sk\/en\/location-and-contacts\/#breadcrumb"},"inLanguage":"en-US","potentialAction":[{"@type":"ReadAction","target":["https:\/\/www.holidayinn-zilina.sk\/en\/location-and-contacts\/"]}]},{"@type":"BreadcrumbList","@id":"https:\/\/www.holidayinn-zilina.sk\/en\/location-and-contacts\/#breadcrumb","itemListElement":[{"@type":"ListItem","position":1,"name":"Home","item":"https:\/\/www.holidayinn-zilina.sk\/en\/"},{"@type":"ListItem","position":2,"name":"Location and Contacts"}]},{"@type":"WebSite","@id":"https:\/\/www.holidayinn-zilina.sk\/en\/#website","url":"https:\/\/www.holidayinn-zilina.sk\/en\/","name":"Holiday Inn \u017dilina","description":"Just another ms.decms.eu site","potentialAction":[{"@type":"SearchAction","target":{"@type":"EntryPoint","urlTemplate":"https:\/\/www.holidayinn-zilina.sk\/en\/?s={search_term_string}"},"query-input":{"@type":"PropertyValueSpecification","valueRequired":true,"valueName":"search_term_string"}}],"inLanguage":"en-US"}]}},"acf":[],"_links":{"self":[{"href":"https:\/\/www.holidayinn-zilina.sk\/en\/wp-json\/wp\/v2\/pages\/318","targetHints":{"allow":["GET"]}}],"collection":[{"href":"https:\/\/www.holidayinn-zilina.sk\/en\/wp-json\/wp\/v2\/pages"}],"about":[{"href":"https:\/\/www.holidayinn-zilina.sk\/en\/wp-json\/wp\/v2\/types\/page"}],"author":[{"embeddable":true,"href":"https:\/\/www.holidayinn-zilina.sk\/en\/wp-json\/wp\/v2\/users\/7"}],"replies":[{"embeddable":true,"href":"https:\/\/www.holidayinn-zilina.sk\/en\/wp-json\/wp\/v2\/comments?post=318"}],"version-history":[{"count":0,"href":"https:\/\/www.holidayinn-zilina.sk\/en\/wp-json\/wp\/v2\/pages\/318\/revisions"}],"wp:attachment":[{"href":"https:\/\/www.holidayinn-zilina.sk\/en\/wp-json\/wp\/v2\/media?parent=318"}],"curies":[{"name":"wp","href":"https:\/\/api.w.org\/{rel}","templated":true}]}}